{"id":517,"date":"2024-02-15T12:46:51","date_gmt":"2024-02-15T12:46:51","guid":{"rendered":"https:\/\/jobstwagner.ch\/?page_id=517"},"modified":"2024-02-21T11:35:24","modified_gmt":"2024-02-21T11:35:24","slug":"impressum","status":"publish","type":"page","link":"https:\/\/jobstwagner.ch\/?page_id=517","title":{"rendered":"Impressum"},"content":{"rendered":"\t\t<div data-elementor-type=\"wp-post\" data-elementor-id=\"517\" class=\"elementor elementor-517\" data-elementor-post-type=\"page\">\n\t\t\t\t<div class=\"elementor-element elementor-element-27bbec1 e-flex e-con-boxed e-con e-parent\" data-id=\"27bbec1\" data-element_type=\"container\" data-e-type=\"container\">\n\t\t\t\t\t<div class=\"e-con-inner\">\n\t\t\t\t<div class=\"elementor-element elementor-element-850f811 elementor-widget elementor-widget-text-editor\" data-id=\"850f811\" data-element_type=\"widget\" data-e-type=\"widget\" data-widget_type=\"text-editor.default\">\n\t\t\t\t<div class=\"elementor-widget-container\">\n\t\t\t\t\t\t\t\t\t<h1>Impressum<\/h1>\t\t\t\t\t\t\t\t<\/div>\n\t\t\t\t<\/div>\n\t\t\t\t\t<\/div>\n\t\t\t\t<\/div>\n\t\t<div class=\"elementor-element elementor-element-31794f7 e-con-full e-flex e-con e-parent\" data-id=\"31794f7\" data-element_type=\"container\" data-e-type=\"container\">\n\t\t<div class=\"elementor-element elementor-element-5f29fdb e-flex e-con-boxed e-con e-child\" data-id=\"5f29fdb\" data-element_type=\"container\" data-e-type=\"container\">\n\t\t\t\t\t<div class=\"e-con-inner\">\n\t\t<div class=\"elementor-element elementor-element-c11e68d e-flex e-con-boxed e-con e-child\" data-id=\"c11e68d\" data-element_type=\"container\" data-e-type=\"container\">\n\t\t\t\t\t<div class=\"e-con-inner\">\n\t\t\t\t<div class=\"elementor-element elementor-element-8bfca08 elementor-widget__width-initial elementor-widget elementor-widget-text-editor\" data-id=\"8bfca08\" data-element_type=\"widget\" data-e-type=\"widget\" data-widget_type=\"text-editor.default\">\n\t\t\t\t<div class=\"elementor-widget-container\">\n\t\t\t\t\t\t\t\t\t<p><strong><span style=\"color: var( --e-global-color-text ); font-family: var( --e-global-typography-text-font-family ), Sans-serif; font-size: var( --e-global-typography-text-font-size ); text-align: var(--text-align); background-color: var( --e-global-color-f869023 );\">Design &amp; Inhalte<br \/><\/span><\/strong><br \/>ESSENCE RELATIONS AG<br \/>Neustadtgasse 11<br \/>CH-8001 Z\u00fcrich<\/p><p><a href=\"mailto:maximilian.happich@rehau.com\">E-Mail<\/a><\/p><p><strong><span style=\"color: var( --e-global-color-text ); font-family: var( --e-global-typography-text-font-family ), Sans-serif; font-size: var( --e-global-typography-text-font-size ); text-align: var(--text-align); background-color: var( --e-global-color-f869023 );\"><br \/>Portr\u00e4tfotografie<\/span><\/strong><\/p><p><a href=\"https:\/\/www.annemorgenstern.com\/\" target=\"_blank\" rel=\"noopener\"><span style=\"color: var( --e-global-color-text ); font-family: var( --e-global-typography-text-font-family ), Sans-serif; font-size: var( --e-global-typography-text-font-size ); text-align: var(--text-align); background-color: var( --e-global-color-f869023 );\">Anne Morgenstern<\/span><\/a><strong><span style=\"color: var( --e-global-color-text ); font-family: var( --e-global-typography-text-font-family ), Sans-serif; font-size: var( --e-global-typography-text-font-size ); text-align: var(--text-align); background-color: var( --e-global-color-f869023 );\"><br \/><\/span><\/strong><\/p><p><strong><br \/>Urherberrechte<br \/><\/strong><br \/>Texte: ESSENCE RELATIONS AG<br \/>F\u00fcr die Reproduktion jeglicher Elemente ist die schriftliche Zustimmung der Urheberrechtstr\u00e4ger im Voraus einzuholen. Wer ohne Zustimmung der jeweiligen Urheberrechtsinhaber eine Urheberrechtsverletzung begeht, kann sich strafbar machen und unter Umst\u00e4nden Schadenersatzanspr\u00fcche geltend machen.<\/p><p><strong>Haftungsausschluss<\/strong><\/p><p>Alle Angaben auf unserer Website wurden sorgf\u00e4ltig gepr\u00fcft. Wir sind bem\u00fcht, daf\u00fcr Sorge zu tragen, dass die von uns bereitgestellten Informationen aktuell, richtig und vollst\u00e4ndig sind. Dennoch ist das Auftreten von Fehlern nicht v\u00f6llig auszuschliessen, so dass wir f\u00fcr die Vollst\u00e4ndigkeit, Richtigkeit und Aktualit\u00e4t der Informationen, auch journalistisch-redaktioneller Art, keine Gew\u00e4hr \u00fcbernehmen k\u00f6nnen. Haftungsanspr\u00fcche, die sich auf Sch\u00e4den materieller oder ideeller Art beziehen, welche durch die Nutzung oder Nichtnutzung der dargebotenen Informationen bzw. durch die Nutzung fehlerhafter und unvollst\u00e4ndiger Informationen verursacht wurden, sind grunds\u00e4tzlich ausgeschlossen.<\/p><p>Der Herausgeber kann Texte nach eigenem Ermessen und ohne vorherige Ank\u00fcndigung \u00e4ndern oder l\u00f6schen und ist nicht dazu verpflichtet, die Inhalte dieser Website zu aktualisieren. Die Nutzung dieser Website bzw. der Zugang zu ihr erfolgt auf eigenes Risiko des Besuchers. Der Herausgeber, seine Kunden oder Partner sind nicht verantwortlich f\u00fcr Sch\u00e4den, wie z.B. direkte, indirekte, zuf\u00e4llige oder Folgesch\u00e4den, die angeblich durch den Besuch dieser Website verursacht wurden und \u00fcbernehmen folglich keine Haftung f\u00fcr solche Sch\u00e4den.<\/p><p>Der Herausgeber \u00fcbernimmt auch keine Verantwortung oder Haftung f\u00fcr den Inhalt und die Verf\u00fcgbarkeit von Websites Dritter, die \u00fcber externe Links von dieser Website aus erreicht werden k\u00f6nnen. F\u00fcr den Inhalt der verlinkten Seiten sind ausschliesslich deren Betreiber verantwortlich. Der Herausgeber distanziert sich daher ausdr\u00fccklich von allen fremden Inhalten, die m\u00f6glicherweise straf- oder haftungsrechtlich relevant sind oder gegen die guten Sitten verstossen.<\/p>\t\t\t\t\t\t\t\t<\/div>\n\t\t\t\t<\/div>\n\t\t\t\t\t<\/div>\n\t\t\t\t<\/div>\n\t\t\t\t\t<\/div>\n\t\t\t\t<\/div>\n\t\t\t\t<\/div>\n\t\t\t\t<\/div>\n\t\t","protected":false},"excerpt":{"rendered":"<p>Impressum Design &amp; InhalteESSENCE RELATIONS AGNeustadtgasse 11CH-8001 Z\u00fcrich E-Mail Portr\u00e4tfotografie Anne Morgenstern UrherberrechteTexte: ESSENCE RELATIONS AGF\u00fcr die Reproduktion jeglicher Elemente ist die schriftliche Zustimmung der Urheberrechtstr\u00e4ger im Voraus einzuholen. Wer ohne Zustimmung der jeweiligen Urheberrechtsinhaber eine Urheberrechtsverletzung begeht, kann sich strafbar machen und unter Umst\u00e4nden Schadenersatzanspr\u00fcche geltend machen. Haftungsausschluss Alle Angaben auf unserer Website wurden [&hellip;]<\/p>\n","protected":false},"author":1,"featured_media":0,"parent":0,"menu_order":0,"comment_status":"closed","ping_status":"closed","template":"","meta":{"_monsterinsights_skip_tracking":false,"_monsterinsights_sitenote_active":false,"_monsterinsights_sitenote_note":"","_monsterinsights_sitenote_category":0,"footnotes":""},"class_list":["post-517","page","type-page","status-publish","hentry"],"_links":{"self":[{"href":"https:\/\/jobstwagner.ch\/index.php?rest_route=\/wp\/v2\/pages\/517","targetHints":{"allow":["GET"]}}],"collection":[{"href":"https:\/\/jobstwagner.ch\/index.php?rest_route=\/wp\/v2\/pages"}],"about":[{"href":"https:\/\/jobstwagner.ch\/index.php?rest_route=\/wp\/v2\/types\/page"}],"author":[{"embeddable":true,"href":"https:\/\/jobstwagner.ch\/index.php?rest_route=\/wp\/v2\/users\/1"}],"replies":[{"embeddable":true,"href":"https:\/\/jobstwagner.ch\/index.php?rest_route=%2Fwp%2Fv2%2Fcomments&post=517"}],"version-history":[{"count":48,"href":"https:\/\/jobstwagner.ch\/index.php?rest_route=\/wp\/v2\/pages\/517\/revisions"}],"predecessor-version":[{"id":863,"href":"https:\/\/jobstwagner.ch\/index.php?rest_route=\/wp\/v2\/pages\/517\/revisions\/863"}],"wp:attachment":[{"href":"https:\/\/jobstwagner.ch\/index.php?rest_route=%2Fwp%2Fv2%2Fmedia&parent=517"}],"curies":[{"name":"wp","href":"https:\/\/api.w.org\/{rel}","templated":true}]}}